{"id":257,"date":"2022-03-15T11:43:18","date_gmt":"2022-03-15T11:43:18","guid":{"rendered":"https:\/\/www.robertmaassen.de\/?page_id=257"},"modified":"2024-01-18T10:00:31","modified_gmt":"2024-01-18T10:00:31","slug":"home","status":"publish","type":"page","link":"https:\/\/www.robertmaassen.de\/","title":{"rendered":"Hey!"},"content":{"rendered":"\n<div data-aos= \"fade-up\" data-aos-duration=\"400\" data-aos-delay=\"0\" data-aos-easing=\"ease\" data-aos-once=\"true\" class=\"wp-block-uagb-container uagb-block-999315b8 alignwide uagb-is-root-container\">\n<div class=\"wp-block-uagb-container uagb-block-7c511bcd\">\n<div data-aos= \"slide-left\" data-aos-duration=\"400\" data-aos-delay=\"0\" data-aos-easing=\"ease\" data-aos-once=\"true\" class=\"wp-block-uagb-advanced-heading uagb-block-2cdacf3c\"><h1 class=\"uagb-heading-text\"> Hey! Ich bin<br><mark style=\"background-color:var(--ast-global-color-0)\" class=\"has-inline-color has-ast-global-color-2-color\"> Robert Maa\u00dfen. <\/mark><\/h1><p class=\"uagb-desc-text\">Team Leader, E-Commerce Projektmanager, Dozent, Project Manager, Business Analyst, Fullstack Web Developer<\/p><\/div>\n\n\n\n<div data-aos= \"fade\" data-aos-duration=\"400\" data-aos-delay=\"0\" data-aos-easing=\"ease\" data-aos-once=\"true\" class=\"wp-block-uagb-buttons uagb-buttons__outer-wrap uagb-btn__default-btn uagb-btn-tablet__default-btn uagb-btn-mobile__default-btn uagb-block-18f53ce0\"><div class=\"uagb-buttons__wrap uagb-buttons-layout-wrap\">\n<div class=\"wp-block-uagb-buttons-child uagb-buttons__outer-wrap uagb-block-8266b13e wp-block-button\"><div class=\"uagb-button__wrapper\"><a class=\"uagb-buttons-repeater wp-block-button__link\" href=\"#kontakt\" onclick=\"return true;\" rel=\"follow noopener\" target=\"_self\"><div class=\"uagb-button__link\">Lass uns sprechen<\/div><span class=\"uagb-button__icon uagb-button__icon-position-after\"><svg xmlns=\"https:\/\/www.w3.org\/2000\/svg\" viewBox=\"0 0 448 512\"><path d=\"M438.6 278.6l-160 160C272.4 444.9 264.2 448 256 448s-16.38-3.125-22.62-9.375c-12.5-12.5-12.5-32.75 0-45.25L338.8 288H32C14.33 288 .0016 273.7 .0016 256S14.33 224 32 224h306.8l-105.4-105.4c-12.5-12.5-12.5-32.75 0-45.25s32.75-12.5 45.25 0l160 160C451.1 245.9 451.1 266.1 438.6 278.6z\"><\/path><\/svg><\/span><\/a><\/div><\/div>\n<\/div><\/div>\n<\/div>\n<\/div>\n\n\n\n<div id=\"uebermich\" class=\"wp-block-uagb-container uagb-block-f8a93d80 alignfull uagb-is-root-container\"><div class=\"uagb-container-inner-blocks-wrap\">\n<div class=\"wp-block-uagb-advanced-heading uagb-block-502d11d4\"><h4 class=\"uagb-heading-text\">\u00dcber mich<\/h4><\/div>\n\n\n\n<p class=\"has-ast-global-color-5-color has-text-color has-link-color wp-elements-3ed494a958816ca24ba2b505899f53e5\">Seit 14 Jahren betreue ich unterschiedliche Web-Projekte von der Konzeption und Planung, \u00fcber Umsetzung, bis Wartung und Pflege und Weiterentwicklung. Sowohl individuelle Fullstack Projekte als auch verschiedene CMS-gest\u00fctzte Websites im Bereich E-Commerce, Bildung und Kultur, sowie Webshops auf Basis von Shopware habe ich realisiert. Zuletzt war ich mit der technischen Betreuung und Weiterentwicklung eines leistungsstarken Webshops betraut. Sowohl im beruflichen als auch im ehrenamtlichen Umfeld habe ich Teams unterschiedlicher Gr\u00f6\u00dfe geleitet und interdisziplin\u00e4re Zusammenarbeit erm\u00f6glicht.<\/p>\n\n\n\n<p class=\"has-ast-global-color-5-color has-text-color has-link-color wp-elements-82d67056e7582e052f2a604f4a100e1d\">Offene und wertsch\u00e4tzende Kommunikation sind f\u00fcr mich nicht nur Prinzipien, sondern essenzielle Werkzeuge, um ein positives und effizientes Arbeitsumfeld zu schaffen. Ich arbeite stets l\u00f6sungsorientiert, verf\u00fcge \u00fcber ein ausgepr\u00e4gtes Organisationstalent und die F\u00e4higkeit komplexe Zusammenh\u00e4nge zu \u00fcberblicken und durch Abstraktion in effiziente L\u00f6sungen zu transformieren.<\/p>\n<\/div><\/div>\n\n\n\n<div id=\"skills\" class=\"wp-block-uagb-container uagb-block-df2714ba alignfull uagb-is-root-container\"><div class=\"uagb-container-inner-blocks-wrap\">\n<div class=\"wp-block-uagb-container uagb-block-da3ffb52 alignfull uagb-is-root-container\"><div class=\"uagb-container-inner-blocks-wrap\">\n<div class=\"wp-block-uagb-container uagb-block-542837a7\">\n<div class=\"wp-block-uagb-advanced-heading uagb-block-30eff129\"><p class=\"uagb-heading-text\">Skills<\/p><\/div>\n\n\n\n<div class=\"wp-block-uagb-advanced-heading uagb-block-731dc90b\"><div class=\"uagb-heading-text\">Vielseitig und spezialisiert<\/div><\/div>\n<\/div>\n\n\n\n<div class=\"wp-block-uagb-container uagb-block-cd789439\">\n<div class=\"wp-block-uagb-advanced-heading uagb-block-09a4431b\"><p class=\"uagb-heading-text\">Seit 14 Jahren betreue ich unterschiedliche Web-Projekte von der Konzeption und Planung, \u00fcber Umsetzung, bis Wartung und Pflege und Weiterentwicklung.<\/p><\/div>\n<\/div>\n<\/div><\/div>\n\n\n\n<div class=\"wp-block-uagb-container uagb-block-4a6efd19 alignfull uagb-is-root-container\"><div class=\"uagb-container-inner-blocks-wrap\">\n<div class=\"wp-block-uagb-container uagb-block-b4d70e72\">\n<div class=\"wp-block-uagb-info-box uagb-block-9476dab3 uagb-infobox__content-wrap  uagb-infobox-icon-above-title uagb-infobox-image-valign-top\"><div class=\"uagb-ifb-content\"><div class=\"uagb-ifb-title-wrap\"><h4 class=\"uagb-ifb-title\"><mark style=\"background-color:var(--ast-global-color-0)\" class=\"has-inline-color\">Team Leader, <br>Project Manager<\/mark><\/h4><\/div><p class=\"uagb-ifb-desc\">Leitung gro\u00dfer und kleiner (Entwicklungs-) Teams, l\u00f6sungsorientiert, Organisationstalent<\/p><\/div><\/div>\n<\/div>\n\n\n\n<div class=\"wp-block-uagb-info-box uagb-block-bbdb99d7 uagb-infobox__content-wrap  uagb-infobox-icon-above-title uagb-infobox-image-valign-top\"><div class=\"uagb-ifb-content\"><div class=\"uagb-ifb-title-wrap\"><h4 class=\"uagb-ifb-title\"><mark style=\"background-color:var(--ast-global-color-0)\" class=\"has-inline-color\">Business Analyst,<br>Customer Success Manager<\/mark><\/h4><\/div><p class=\"uagb-ifb-desc\">Komplexe Zusammenh\u00e4nge \u00fcberblicken, durch Abstraktion in effiziente L\u00f6sungen transformieren<\/p><\/div><\/div>\n\n\n\n<div class=\"wp-block-uagb-container uagb-block-9b10aa70\">\n<div class=\"wp-block-uagb-info-box uagb-block-970ffde4 uagb-infobox__content-wrap  uagb-infobox-icon-above-title uagb-infobox-image-valign-top\"><div class=\"uagb-ifb-content\"><div class=\"uagb-ifb-title-wrap\"><h4 class=\"uagb-ifb-title\"><mark style=\"background-color:var(--ast-global-color-0)\" class=\"has-inline-color\">E-Commerce Projektmanager<\/mark><\/h4><\/div><p class=\"uagb-ifb-desc\">Digitale M\u00e4rkte erschlie\u00dfen mit modernen Online-Shops auf Basis von Shopware. Von der Planung bis zur Umsetzung und Wartung<\/p><\/div><\/div>\n<\/div>\n\n\n\n<div class=\"wp-block-uagb-container uagb-block-1309a94c\">\n<div class=\"wp-block-uagb-info-box uagb-block-b6e977ac uagb-infobox__content-wrap  uagb-infobox-icon-above-title uagb-infobox-image-valign-top\"><div class=\"uagb-ifb-content\"><div class=\"uagb-ifb-title-wrap\"><h4 class=\"uagb-ifb-title\"><mark style=\"background-color:var(--ast-global-color-0)\" class=\"has-inline-color\">Full Stack <br>Web Developer<\/mark><\/h4><\/div><p class=\"uagb-ifb-desc\">PHP, JavaScript, HTML, CSS<br>jQuery, Bootstrap, Smarty, <br>Shopware, WordPress, Typo3<\/p><\/div><\/div>\n<\/div>\n<\/div><\/div>\n<\/div><\/div>\n\n\n\n<div class=\"wp-block-uagb-container uagb-block-5eaa66a2 alignfull uagb-is-root-container\"><div class=\"uagb-container-inner-blocks-wrap\">\n<div id=\"erfahrung\" class=\"wp-block-uagb-container uagb-block-9670add4\">\n<div class=\"wp-block-uagb-container uagb-block-eea156ae\">\n<div class=\"wp-block-uagb-advanced-heading uagb-block-07181010\"><h3 class=\"uagb-heading-text\">Erfahrung<\/h3><\/div>\n\n\n\n<div class=\"wp-block-uagb-advanced-heading uagb-block-2cdbb5be\"><p class=\"uagb-heading-text\">2021 &#8211; heute:<br><strong>Team Lead Dev Ops &amp; Software Development<\/strong><br>Cartonara GmbH + Co. KG (100% Gesellschaft der THIMM Group GmbH + Co. KG), G\u00f6ttingen\/Remote<br><br>Team Lead Development (Budgetverantwortung), E-Commerce, Business Analyse<br>Shopware 5, PHP, OOP, HTML, CSS, jQuery, MySQL<\/p><div class=\"uagb-separator\"><\/div><\/div>\n\n\n\n<div class=\"wp-block-uagb-advanced-heading uagb-block-cce86e5b\"><p class=\"uagb-heading-text\">2018 &#8211; heute: <br><strong>Gr\u00fcnder und 1. Vorsitzender (ehrenamtlich)<\/strong><br>Rock for Tolerance e.V. (gemeinn\u00fctzig), Hann. M\u00fcnden<br><br>Konzeption, Planung und Durchf\u00fchrung von Gro\u00dfveranstaltungen, Teamleitung (60 Personen), \u00d6ffentlichkeitsarbeit &amp; Marketing, Contentproduktion &amp; Social Media, Fundraising<\/p><div class=\"uagb-separator\"><\/div><\/div>\n\n\n\n<div class=\"wp-block-uagb-advanced-heading uagb-block-cb59e98c\"><p class=\"uagb-heading-text\">2011 &#8211; 2021:<br><strong>Head of Development, Fullstack-Webdeveloper, Business Analyst<\/strong><br>DIDPM GmbH, G\u00f6ttingen\/Remote<br><br>Team Lead Development in wechselnden interdisziplin\u00e4ren Teams, Business Analyse, E-Commerce<br>Shopware 5, Typo3, WordPress, PHP, OOP, HTML, CSS, jQuery, Bootsrap, MySQL<\/p><div class=\"uagb-separator\"><\/div><\/div>\n\n\n\n<div class=\"wp-block-uagb-advanced-heading uagb-block-98adef83\"><p class=\"uagb-heading-text\">2010 \u2013 2022:<br><strong>Dozent<\/strong> PFH (Private Hochschule), Stade<br><br>Grundlagen der Informatik, Boolsche Algebra, Netzwerke, Betriebssysteme, Programmierung, MATLAB<\/p><div class=\"uagb-separator\"><\/div><\/div>\n\n\n\n<div class=\"wp-block-uagb-advanced-heading uagb-block-415dee2d\"><p class=\"uagb-heading-text\">2010 \u2013 2022:<br><strong>Dozent<\/strong> VWA\/BA (Verwaltungs- und Wirtschafts-Akademie\/Berufsakademie), G\u00f6ttingen<br><br>Webtechnologien, Content Management Systeme, Webentwicklung, Usability, SEO<\/p><div class=\"uagb-separator\"><\/div><\/div>\n\n\n\n<div class=\"wp-block-uagb-advanced-heading uagb-block-993a4fc8\"><p class=\"uagb-heading-text\">2009 \u2013 2011:<br><strong>Web-Entwickler, Gesellschafter<br><\/strong>Ciiju GmbH, G\u00f6ttingen<br><br>PHP, HTML, CSS, MySQL, Entwicklung eines hybriden Musikempfehlungsalgorithmus<\/p><div class=\"uagb-separator\"><\/div><\/div>\n\n\n\n<div class=\"wp-block-uagb-advanced-heading uagb-block-886a91d8\"><p class=\"uagb-heading-text\">2002 \u2013 heute:<br><strong>Freiberufler<\/strong><br>Medienproduktion, Medientechnik, Social Media, Event Management<\/p><div class=\"uagb-separator\"><\/div><\/div>\n<\/div>\n<\/div>\n\n\n\n<div class=\"wp-block-uagb-container uagb-block-3c945cf4\">\n<div class=\"wp-block-uagb-container uagb-block-e101d7c0\">\n<div class=\"wp-block-uagb-advanced-heading uagb-block-9afad18a\"><h3 class=\"uagb-heading-text\">Ausbildung<\/h3><\/div>\n\n\n\n<div class=\"wp-block-uagb-advanced-heading uagb-block-da75ce71\"><p class=\"uagb-heading-text\">2008 &#8211; 2009: <br><strong>Informations- und Elektrotechnik, Master of Engineering<\/strong>, Hochschule f\u00fcr angewandte Wissenschaften und Kunst (HAWK), G\u00f6ttingen<\/p><div class=\"uagb-separator\"><\/div><\/div>\n\n\n\n<div class=\"wp-block-uagb-advanced-heading uagb-block-1a072d3f\"><p class=\"uagb-heading-text\">2003 &#8211; 2008: <br><strong>Informatik mit der Vertiefungsrichtung Medientechnik, Diplom-Ingenieur (FH)<\/strong>, Hochschule f\u00fcr angewandte Wissenschaften und Kunst (HAWK), G\u00f6ttingen<\/p><div class=\"uagb-separator\"><\/div><\/div>\n<\/div>\n\n\n\n<div class=\"wp-block-uagb-container uagb-block-0f7df87e\">\n<div class=\"wp-block-uagb-advanced-heading uagb-block-7b9d8ef1\"><h3 class=\"uagb-heading-text\">Interessen<\/h3><\/div>\n\n\n\n<ul>\n<li>Meine Frau und unsere Kinder<\/li>\n\n\n\n<li>Mein Ehrenamt im gemeinn\u00fctzigen Rock for Tolerance e.V.<\/li>\n\n\n\n<li>Musik machen<\/li>\n\n\n\n<li>Kochen<\/li>\n\n\n\n<li>Smarthome<\/li>\n<\/ul>\n<\/div>\n<\/div>\n<\/div><\/div>\n\n\n\n<div class=\"wp-block-uagb-advanced-heading uagb-block-c59602b6\" id=\"kontakt\"><h2 class=\"uagb-heading-text\">Schreib mir!<\/h2><\/div>\n\n\n\n<div class=\"wp-block-uagb-forms uagb-forms__outer-wrap uagb-block-54179ff4 uagb-forms__medium-btn\"><form class=\"uagb-forms-main-form\" method=\"post\" autocomplete=\"on\" name=\"uagb-form-54179ff4\">\n<div class=\"wp-block-uagb-forms-name uagb-forms-name-wrap uagb-forms-field-set uagb-block-c7b8bdd6\"><div class=\"uagb-forms-name-label required uagb-forms-input-label\" id=\"c7b8bdd6\">Vorname<\/div><input type=\"text\" placeholder=\"John\" required class=\"uagb-forms-name-input uagb-forms-input\" name=\"c7b8bdd6\" autocomplete=\"given-name\"\/><\/div>\n\n\n\n<div class=\"wp-block-uagb-forms-name uagb-forms-name-wrap uagb-forms-field-set uagb-block-fcd92977\"><div class=\"uagb-forms-name-label required uagb-forms-input-label\" id=\"fcd92977\">Name<\/div><input type=\"text\" placeholder=\"Doe\" required class=\"uagb-forms-name-input uagb-forms-input\" name=\"fcd92977\" autocomplete=\"family-name\"\/><\/div>\n\n\n\n<div class=\"wp-block-uagb-forms-email uagb-forms-email-wrap uagb-forms-field-set uagb-block-ce09e73c\"><div class=\"uagb-forms-email-label required uagb-forms-input-label\" id=\"ce09e73c\">Email<\/div><input type=\"email\" class=\"uagb-forms-email-input uagb-forms-input\" placeholder=\"example@mail.com\" required name=\"ce09e73c\" autocomplete=\"email\"\/><\/div>\n\n\n\n<div class=\"wp-block-uagb-forms-textarea uagb-forms-textarea-wrap uagb-forms-field-set uagb-block-7a45dce3\"><div class=\"uagb-forms-textarea-label required uagb-forms-input-label\" id=\"7a45dce3\">Nachricht<\/div><textarea required class=\"uagb-forms-textarea-input uagb-forms-input\" rows=\"4\" placeholder=\"Deine Nachricht\" name=\"7a45dce3\" autocomplete=\"off\"><\/textarea><\/div>\n<div class=\"uagb-forms-form-hidden-data\"><input type=\"hidden\" class=\"uagb_forms_form_label\" value=\"Spectra Form\"\/><input type=\"hidden\" class=\"uagb_forms_form_id\" value=\"uagb-form-54179ff4\"\/><\/div><div class=\"uagb-form-reacaptcha-error-54179ff4\"><\/div><div class=\"uagb-forms-main-submit-button-wrap wp-block-button\"><button class=\"uagb-forms-main-submit-button wp-block-button__link\"><div class=\"uagb-forms-main-submit-button-text\">Absenden<\/div><\/button><\/div><\/form><div class=\"uagb-forms-success-message-54179ff4 uagb-forms-submit-message-hide\"><span>Danke. Deine Nachricht wurde erfolgreich verschickt.<\/span><\/div><div class=\"uagb-forms-failed-message-54179ff4 uagb-forms-submit-message-hide\"><span>Oh.. da ist was schief gegangen! Versuch es nochmal.<\/span><\/div><\/div>\n","protected":false},"excerpt":{"rendered":"<p>Hey! Ich bin Robert Maa\u00dfen. Team Leader, E-Commerce Projektmanager, Dozent, Project Manager, Business Analyst, Fullstack Web Developer \u00dcber mich Seit 14 Jahren betreue ich unterschiedliche Web-Projekte von der Konzeption und Planung, \u00fcber Umsetzung, bis Wartung und Pflege und Weiterentwicklung. Sowohl individuelle Fullstack Projekte als auch verschiedene CMS-gest\u00fctzte Websites im Bereich E-Commerce, Bildung und Kultur, sowie &hellip;<\/p>\n<p class=\"read-more\"> <a class=\"\" href=\"https:\/\/www.robertmaassen.de\/\"> <span class=\"screen-reader-text\">Hey!<\/span> Weiterlesen &raquo;<\/a><\/p>\n","protected":false},"author":1,"featured_media":0,"parent":0,"menu_order":0,"comment_status":"closed","ping_status":"closed","template":"","meta":{"_uag_custom_page_level_css":"","site-sidebar-layout":"no-sidebar","site-content-layout":"plain-container","ast-site-content-layout":"normal-width-container","site-content-style":"unboxed","site-sidebar-style":"unboxed","ast-global-header-display":"","ast-banner-title-visibility":"","ast-main-header-display":"","ast-hfb-above-header-display":"","ast-hfb-below-header-display":"","ast-hfb-mobile-header-display":"","site-post-title":"disabled","ast-breadcrumbs-content":"","ast-featured-img":"disabled","footer-sml-layout":"","theme-transparent-header-meta":"enabled","adv-header-id-meta":"","stick-header-meta":"","header-above-stick-meta":"","header-main-stick-meta":"","header-below-stick-meta":"","astra-migrate-meta-layouts":"set","ast-page-background-enabled":"default","ast-page-background-meta":{"desktop":{"background-color":"","background-image":"","background-repeat":"repeat","background-position":"center center","background-size":"auto","background-attachment":"scroll","background-type":"","background-media":"","overlay-type":"","overlay-color":"","overlay-gradient":""},"tablet":{"background-color":"","background-image":"","background-repeat":"repeat","background-position":"center center","background-size":"auto","background-attachment":"scroll","background-type":"","background-media":"","overlay-type":"","overlay-color":"","overlay-gradient":""},"mobile":{"background-color":"","background-image":"","background-repeat":"repeat","background-position":"center center","background-size":"auto","background-attachment":"scroll","background-type":"","background-media":"","overlay-type":"","overlay-color":"","overlay-gradient":""}},"ast-content-background-meta":{"desktop":{"background-color":"var(--ast-global-color-5)","background-image":"","background-repeat":"repeat","background-position":"center center","background-size":"auto","background-attachment":"scroll","background-type":"","background-media":"","overlay-type":"","overlay-color":"","overlay-gradient":""},"tablet":{"background-color":"var(--ast-global-color-5)","background-image":"","background-repeat":"repeat","background-position":"center center","background-size":"auto","background-attachment":"scroll","background-type":"","background-media":"","overlay-type":"","overlay-color":"","overlay-gradient":""},"mobile":{"background-color":"var(--ast-global-color-5)","background-image":"","background-repeat":"repeat","background-position":"center center","background-size":"auto","background-attachment":"scroll","background-type":"","background-media":"","overlay-type":"","overlay-color":"","overlay-gradient":""}},"footnotes":""},"yoast_head":"<!-- This site is optimized with the Yoast SEO plugin v21.8 - https:\/\/yoast.com\/wordpress\/plugins\/seo\/ -->\n<title>Robert Maa\u00dfen - Projektmanager Web &amp; eCommerce<\/title>\n<meta name=\"description\" content=\"Team Leader, Project Manager, eCommerce Projektmanager, Business Analyst, Fullstack Web Developer, Dozent aus Hann. M\u00fcnden\/G\u00f6ttingen\/Kassel\" \/>\n<meta name=\"robots\" content=\"index, follow, max-snippet:-1, max-image-preview:large, max-video-preview:-1\" \/>\n<link rel=\"canonical\" href=\"https:\/\/www.robertmaassen.de\/\" \/>\n<meta property=\"og:locale\" content=\"de_DE\" \/>\n<meta property=\"og:type\" content=\"article\" \/>\n<meta property=\"og:title\" content=\"Robert Maa\u00dfen - Projektmanager Web &amp; eCommerce\" \/>\n<meta property=\"og:description\" content=\"Team Leader, Project Manager, eCommerce Projektmanager, Business Analyst, Fullstack Web Developer, Dozent aus Hann. M\u00fcnden\/G\u00f6ttingen\/Kassel\" \/>\n<meta property=\"og:url\" content=\"https:\/\/www.robertmaassen.de\/\" \/>\n<meta property=\"og:site_name\" content=\"Robert Maa\u00dfen\" \/>\n<meta property=\"article:modified_time\" content=\"2024-01-18T10:00:31+00:00\" \/>\n<meta name=\"twitter:card\" content=\"summary_large_image\" \/>\n<meta name=\"twitter:label1\" content=\"Gesch\u00e4tzte Lesezeit\" \/>\n\t<meta name=\"twitter:data1\" content=\"3\u00a0Minuten\" \/>\n<script type=\"application\/ld+json\" class=\"yoast-schema-graph\">{\"@context\":\"https:\/\/schema.org\",\"@graph\":[{\"@type\":\"WebPage\",\"@id\":\"https:\/\/www.robertmaassen.de\/\",\"url\":\"https:\/\/www.robertmaassen.de\/\",\"name\":\"Robert Maa\u00dfen - Projektmanager Web & eCommerce\",\"isPartOf\":{\"@id\":\"https:\/\/www.robertmaassen.de\/#website\"},\"datePublished\":\"2022-03-15T11:43:18+00:00\",\"dateModified\":\"2024-01-18T10:00:31+00:00\",\"description\":\"Team Leader, Project Manager, eCommerce Projektmanager, Business Analyst, Fullstack Web Developer, Dozent aus Hann. M\u00fcnden\/G\u00f6ttingen\/Kassel\",\"breadcrumb\":{\"@id\":\"https:\/\/www.robertmaassen.de\/#breadcrumb\"},\"inLanguage\":\"de\",\"potentialAction\":[{\"@type\":\"ReadAction\",\"target\":[\"https:\/\/www.robertmaassen.de\/\"]}]},{\"@type\":\"BreadcrumbList\",\"@id\":\"https:\/\/www.robertmaassen.de\/#breadcrumb\",\"itemListElement\":[{\"@type\":\"ListItem\",\"position\":1,\"name\":\"Startseite\",\"item\":\"https:\/\/www.robertmaassen.de\/\"},{\"@type\":\"ListItem\",\"position\":2,\"name\":\"Hey!\"}]},{\"@type\":\"WebSite\",\"@id\":\"https:\/\/www.robertmaassen.de\/#website\",\"url\":\"https:\/\/www.robertmaassen.de\/\",\"name\":\"Robert Maa\u00dfen\",\"description\":\"\",\"potentialAction\":[{\"@type\":\"SearchAction\",\"target\":{\"@type\":\"EntryPoint\",\"urlTemplate\":\"https:\/\/www.robertmaassen.de\/?s={search_term_string}\"},\"query-input\":\"required name=search_term_string\"}],\"inLanguage\":\"de\"}]}<\/script>\n<!-- \/ Yoast SEO plugin. -->","yoast_head_json":{"title":"Robert Maa\u00dfen - Projektmanager Web & eCommerce","description":"Team Leader, Project Manager, eCommerce Projektmanager, Business Analyst, Fullstack Web Developer, Dozent aus Hann. M\u00fcnden\/G\u00f6ttingen\/Kassel","robots":{"index":"index","follow":"follow","max-snippet":"max-snippet:-1","max-image-preview":"max-image-preview:large","max-video-preview":"max-video-preview:-1"},"canonical":"https:\/\/www.robertmaassen.de\/","og_locale":"de_DE","og_type":"article","og_title":"Robert Maa\u00dfen - Projektmanager Web & eCommerce","og_description":"Team Leader, Project Manager, eCommerce Projektmanager, Business Analyst, Fullstack Web Developer, Dozent aus Hann. M\u00fcnden\/G\u00f6ttingen\/Kassel","og_url":"https:\/\/www.robertmaassen.de\/","og_site_name":"Robert Maa\u00dfen","article_modified_time":"2024-01-18T10:00:31+00:00","twitter_card":"summary_large_image","twitter_misc":{"Gesch\u00e4tzte Lesezeit":"3\u00a0Minuten"},"schema":{"@context":"https:\/\/schema.org","@graph":[{"@type":"WebPage","@id":"https:\/\/www.robertmaassen.de\/","url":"https:\/\/www.robertmaassen.de\/","name":"Robert Maa\u00dfen - Projektmanager Web & eCommerce","isPartOf":{"@id":"https:\/\/www.robertmaassen.de\/#website"},"datePublished":"2022-03-15T11:43:18+00:00","dateModified":"2024-01-18T10:00:31+00:00","description":"Team Leader, Project Manager, eCommerce Projektmanager, Business Analyst, Fullstack Web Developer, Dozent aus Hann. M\u00fcnden\/G\u00f6ttingen\/Kassel","breadcrumb":{"@id":"https:\/\/www.robertmaassen.de\/#breadcrumb"},"inLanguage":"de","potentialAction":[{"@type":"ReadAction","target":["https:\/\/www.robertmaassen.de\/"]}]},{"@type":"BreadcrumbList","@id":"https:\/\/www.robertmaassen.de\/#breadcrumb","itemListElement":[{"@type":"ListItem","position":1,"name":"Startseite","item":"https:\/\/www.robertmaassen.de\/"},{"@type":"ListItem","position":2,"name":"Hey!"}]},{"@type":"WebSite","@id":"https:\/\/www.robertmaassen.de\/#website","url":"https:\/\/www.robertmaassen.de\/","name":"Robert Maa\u00dfen","description":"","potentialAction":[{"@type":"SearchAction","target":{"@type":"EntryPoint","urlTemplate":"https:\/\/www.robertmaassen.de\/?s={search_term_string}"},"query-input":"required name=search_term_string"}],"inLanguage":"de"}]}},"uagb_featured_image_src":{"full":false,"thumbnail":false,"medium":false,"medium_large":false,"large":false,"1536x1536":false,"2048x2048":false},"uagb_author_info":{"display_name":"robert","author_link":"https:\/\/www.robertmaassen.de\/?author=1"},"uagb_comment_info":0,"uagb_excerpt":"Hey! Ich bin Robert Maa\u00dfen. Team Leader, E-Commerce Projektmanager, Dozent, Project Manager, Business Analyst, Fullstack Web Developer \u00dcber mich Seit 14 Jahren betreue ich unterschiedliche Web-Projekte von der Konzeption und Planung, \u00fcber Umsetzung, bis Wartung und Pflege und Weiterentwicklung. Sowohl individuelle Fullstack Projekte als auch verschiedene CMS-gest\u00fctzte Websites im Bereich E-Commerce, Bildung und Kultur, sowie&hellip;","_links":{"self":[{"href":"https:\/\/www.robertmaassen.de\/index.php?rest_route=\/wp\/v2\/pages\/257"}],"collection":[{"href":"https:\/\/www.robertmaassen.de\/index.php?rest_route=\/wp\/v2\/pages"}],"about":[{"href":"https:\/\/www.robertmaassen.de\/index.php?rest_route=\/wp\/v2\/types\/page"}],"author":[{"embeddable":true,"href":"https:\/\/www.robertmaassen.de\/index.php?rest_route=\/wp\/v2\/users\/1"}],"replies":[{"embeddable":true,"href":"https:\/\/www.robertmaassen.de\/index.php?rest_route=%2Fwp%2Fv2%2Fcomments&post=257"}],"version-history":[{"count":412,"href":"https:\/\/www.robertmaassen.de\/index.php?rest_route=\/wp\/v2\/pages\/257\/revisions"}],"predecessor-version":[{"id":2808,"href":"https:\/\/www.robertmaassen.de\/index.php?rest_route=\/wp\/v2\/pages\/257\/revisions\/2808"}],"wp:attachment":[{"href":"https:\/\/www.robertmaassen.de\/index.php?rest_route=%2Fwp%2Fv2%2Fmedia&parent=257"}],"curies":[{"name":"wp","href":"https:\/\/api.w.org\/{rel}","templated":true}]}}